{"id":32,"date":"2023-05-07T00:52:57","date_gmt":"2023-05-06T22:52:57","guid":{"rendered":"https:\/\/sousdomaine.panoramagrasse.com\/?page_id=32"},"modified":"2023-07-26T13:46:17","modified_gmt":"2023-07-26T11:46:17","slug":"nos-chambres","status":"publish","type":"page","link":"https:\/\/sousdomaine.panoramagrasse.com\/index.php\/nos-chambres\/","title":{"rendered":"Nos chambres"},"content":{"rendered":"\n  <div class=\"banner has-hover\" id=\"banner-825730487\">\n          <div class=\"banner-inner fill\">\n        <div class=\"banner-bg fill\" >\n            <div class=\"bg fill bg-fill \"><\/div>\n                        <div class=\"overlay\"><\/div>            \n                    <\/div>\n\t\t\n        <div class=\"banner-layers container\">\n            <div class=\"fill banner-link\"><\/div>            \n   <div id=\"text-box-1096571636\" class=\"text-box banner-layer x50 md-x50 lg-x50 y50 md-y50 lg-y50 res-text\">\n                                <div class=\"text-box-content text dark\">\n              \n              <div class=\"text-inner text-center\">\n                  \n<div class=\"container section-title-container\" ><h1 class=\"section-title section-title-center\"><b><\/b><span class=\"section-title-main\" style=\"font-size:65%;\">Nos chambres<\/span><b><\/b><\/h1><\/div>\n\t<div id=\"text-2874077600\" class=\"text\">\n\t\t\n<p>D\u00e9couvrez nos chambres confortables et \u00e9l\u00e9gamment am\u00e9nag\u00e9es, offrant une exp\u00e9rience inoubliable pour votre s\u00e9jour \u00e0 l&rsquo;H\u00f4tel Panorama Grasse.<\/p>\n\t\t\n<style>\n#text-2874077600 {\n  font-size: 1.15rem;\n}\n<\/style>\n\t<\/div>\n\t\n              <\/div>\n           <\/div>\n                            \n<style>\n#text-box-1096571636 {\n  width: 85%;\n}\n#text-box-1096571636 .text-box-content {\n  font-size: 100%;\n}\n@media (min-width:550px) {\n  #text-box-1096571636 {\n    width: 60%;\n  }\n}\n<\/style>\n    <\/div>\n \n        <\/div>\n      <\/div>\n\n            \n<style>\n#banner-825730487 {\n  padding-top: 56.25%;\n}\n#banner-825730487 .bg.bg-loaded {\n  background-image: url(https:\/\/sousdomaine.panoramagrasse.com\/wp-content\/uploads\/2023\/07\/hotel-panorama-lit-pour-trois-scaled.webp);\n}\n#banner-825730487 .overlay {\n  background-color: rgba(0, 0, 0, 0.477);\n}\n#banner-825730487 .ux-shape-divider--top svg {\n  height: 150px;\n  --divider-top-width: 100%;\n}\n#banner-825730487 .ux-shape-divider--bottom svg {\n  height: 150px;\n  --divider-width: 100%;\n}\n@media (min-width:550px) {\n  #banner-825730487 {\n    padding-top: 500px;\n  }\n}\n<\/style>\n  <\/div>\n\n\n\t<section class=\"section\" id=\"section_638473228\">\n\t\t<div class=\"bg section-bg fill bg-fill  bg-loaded\" >\n\n\t\t\t\n\t\t\t\n\t\t\t\n\n\t\t<\/div>\n\n\t\t\n\n\t\t<div class=\"section-content relative\">\n\t\t\t\n\t<div id=\"gap-1588196459\" class=\"gap-element clearfix\" style=\"display:block; height:auto;\">\n\t\t\n<style>\n#gap-1588196459 {\n  padding-top: 30px;\n}\n<\/style>\n\t<\/div>\n\t\n<div class=\"row row-small align-middle align-center flex-column-reverse\"  id=\"row-755429368\">\n\n\t<div id=\"col-1161320690\" class=\"col medium-7 small-12 large-3\"  >\n\t\t\t\t<div class=\"col-inner\"  >\n\t\t\t\n\t\t\t\n\n  \n    <div class=\"row  lightbox-multi-gallery large-columns-1 medium-columns- small-columns-\">\n  <div class=\"gallery-col col\" >\n          <div class=\"col-inner\">\n            <a class=\"\" href=\"https:\/\/sousdomaine.panoramagrasse.com\/wp-content\/uploads\/2023\/07\/hotel-panorama-chambre-simple.webp\" title=\"\">            <div class=\"box has-hover gallery-box box-none\">\n              <div class=\"box-image image-zoom image-cover\" style=\"padding-top:300px;\">\n                <img loading=\"lazy\" decoding=\"async\" width=\"800\" height=\"533\" src=\"https:\/\/sousdomaine.panoramagrasse.com\/wp-content\/uploads\/2023\/07\/hotel-panorama-chambre-simple.webp\" class=\"attachment-original size-original\" alt=\"\" ids=\"248\" style=\"none\" columns=\"1\" image_height=\"300px\" image_size=\"original\" image_hover=\"zoom\" srcset=\"https:\/\/sousdomaine.panoramagrasse.com\/wp-content\/uploads\/2023\/07\/hotel-panorama-chambre-simple.webp 800w, https:\/\/sousdomaine.panoramagrasse.com\/wp-content\/uploads\/2023\/07\/hotel-panorama-chambre-simple-300x200.webp 300w, https:\/\/sousdomaine.panoramagrasse.com\/wp-content\/uploads\/2023\/07\/hotel-panorama-chambre-simple-768x512.webp 768w\" sizes=\"auto, (max-width: 800px) 100vw, 800px\" \/>                                                              <\/div>\n              <div class=\"box-text text-left\" >\n                 <p><\/p>\n              <\/div>\n            <\/div>\n            <\/a>          <\/div>\n         <\/div><\/div>\n\t\t<\/div>\n\t\t\t\t\t<\/div>\n\n\t\n\n\t<div id=\"col-1356095534\" class=\"col medium-4 small-12 large-3\"  >\n\t\t\t\t<div class=\"col-inner\"  >\n\t\t\t\n\t\t\t\n\n  \n    <div class=\"row  lightbox-multi-gallery large-columns-1 medium-columns- small-columns-\">\n  <div class=\"gallery-col col\" >\n          <div class=\"col-inner\">\n            <a class=\"\" href=\"https:\/\/sousdomaine.panoramagrasse.com\/wp-content\/uploads\/2023\/07\/hotel-panorama-lit-pour-deux-personnes-683x1024.webp\" title=\"\">            <div class=\"box has-hover gallery-box box-overlay dark\">\n              <div class=\"box-image image-zoom\" >\n                <img loading=\"lazy\" decoding=\"async\" width=\"1707\" height=\"2560\" src=\"https:\/\/sousdomaine.panoramagrasse.com\/wp-content\/uploads\/2023\/07\/hotel-panorama-lit-pour-deux-personnes-scaled.webp\" class=\"attachment-original size-original\" alt=\"\" ids=\"247\" columns=\"1\" image_size=\"original\" image_hover=\"zoom\" srcset=\"https:\/\/sousdomaine.panoramagrasse.com\/wp-content\/uploads\/2023\/07\/hotel-panorama-lit-pour-deux-personnes-scaled.webp 1707w, https:\/\/sousdomaine.panoramagrasse.com\/wp-content\/uploads\/2023\/07\/hotel-panorama-lit-pour-deux-personnes-200x300.webp 200w, https:\/\/sousdomaine.panoramagrasse.com\/wp-content\/uploads\/2023\/07\/hotel-panorama-lit-pour-deux-personnes-683x1024.webp 683w, https:\/\/sousdomaine.panoramagrasse.com\/wp-content\/uploads\/2023\/07\/hotel-panorama-lit-pour-deux-personnes-768x1152.webp 768w, https:\/\/sousdomaine.panoramagrasse.com\/wp-content\/uploads\/2023\/07\/hotel-panorama-lit-pour-deux-personnes-1024x1536.webp 1024w, https:\/\/sousdomaine.panoramagrasse.com\/wp-content\/uploads\/2023\/07\/hotel-panorama-lit-pour-deux-personnes-1366x2048.webp 1366w\" sizes=\"auto, (max-width: 1707px) 100vw, 1707px\" \/>                                  <div class=\"overlay fill\"\n                      style=\"background-color: rgba(0,0,0,.15)\">\n                  <\/div>\n                                                              <\/div>\n              <div class=\"box-text text-left\" >\n                 <p><\/p>\n              <\/div>\n            <\/div>\n            <\/a>          <\/div>\n         <\/div><\/div>\n\t\t<\/div>\n\t\t\t\t\t<\/div>\n\n\t\n\n\t<div id=\"col-655577617\" class=\"col medium-12 small-12 large-6\"  >\n\t\t\t\t<div class=\"col-inner\"  >\n\t\t\t\n\t\t\t\n<h2 class=\"uppercase\">Chambres doubles<\/h2>\n<p>Nos chambres doubles sont compos\u00e9es d&rsquo;un lit pour deux personnes<\/p>\n<p>Vous aurez le choix entre une version avec balcon ou sans balcon. Les balcons sont \u00e9quip\u00e9s d&rsquo;une table et de plusieurs chaises, vous permettant de vous d\u00e9tendre tout en admirant la vue magnifique sur la place du Cours \u00e0 Grasse. Profitez de votre s\u00e9jour dans un cadre confortable et avec une vue pittoresquement Grassoise!<\/p>\n<p>Toutes nos chambres doubles sont \u00e9quip\u00e9es d&rsquo;une climatisation r\u00e9versible, vous assurant un environnement agr\u00e9able quelle que soit la saison. De plus, une t\u00e9l\u00e9vision est mise \u00e0 votre disposition pour vous divertir lors de vos moments de d\u00e9tente dans votre chambre.<\/p>\n\t\t<\/div>\n\t\t\t\t\n<style>\n#col-655577617 > .col-inner {\n  padding: 0px 0px 0px 0;\n}\n@media (min-width:850px) {\n  #col-655577617 > .col-inner {\n    padding: 0px 0px 0px 10%;\n  }\n}\n<\/style>\n\t<\/div>\n\n\t\n<\/div>\n\t\t<\/div>\n\n\t\t\n<style>\n#section_638473228 {\n  padding-top: 30px;\n  padding-bottom: 30px;\n}\n#section_638473228 .ux-shape-divider--top svg {\n  height: 150px;\n  --divider-top-width: 100%;\n}\n#section_638473228 .ux-shape-divider--bottom svg {\n  height: 150px;\n  --divider-width: 100%;\n}\n<\/style>\n\t<\/section>\n\t\n\t<section class=\"section dark\" id=\"section_680023627\">\n\t\t<div class=\"bg section-bg fill bg-fill  bg-loaded\" >\n\n\t\t\t\n\t\t\t\n\t\t\t\n\n\t\t<\/div>\n\n\t\t\n\n\t\t<div class=\"section-content relative\">\n\t\t\t\n<div class=\"row\"  id=\"row-1207043274\">\n\n\t<div id=\"col-960929800\" class=\"col small-12 large-12\"  >\n\t\t\t\t<div class=\"col-inner\"  >\n\t\t\t\n\t\t\t\n<h2 class=\"uppercase\">Chambres triples<\/h2>\n<p>Nos chambres triples sont compos\u00e9s de 3 lits simples<\/p>\n<p>Nous vous offrons la possibilit\u00e9 de choisir entre une chambre avec balcon ou sans balcon. Les balcons donnent sur la place du Cours \u00e0 Grasse et sont \u00e9quip\u00e9s d&rsquo;une table et de plusieurs chaises, offrant un espace suppl\u00e9mentaire pour profiter du cadre enchanteur.<\/p>\n<p>Comme toutes nos chambres, les chambres triples sont \u00e9quip\u00e9es d&rsquo;une climatisation r\u00e9versible, vous assurant un confort optimal pendant votre s\u00e9jour. Vous trouverez \u00e9galement une t\u00e9l\u00e9vision dans la chambre pour vous divertir \u00e0 tout moment.<\/p>\n\t\t<\/div>\n\t\t\t\t\t<\/div>\n\n\t\n<\/div>\n\n  \n    <div class=\"row  lightbox-multi-gallery large-columns-3 medium-columns-3 small-columns-1\">\n  <div class=\"gallery-col col\" >\n          <div class=\"col-inner\">\n            <a class=\"\" href=\"https:\/\/sousdomaine.panoramagrasse.com\/wp-content\/uploads\/2023\/07\/hotel-panorama-lit-pour-trois-1024x768.webp\" title=\"\">            <div class=\"box has-hover gallery-box box-overlay dark\">\n              <div class=\"box-image image-zoom\" >\n                <img loading=\"lazy\" decoding=\"async\" width=\"2560\" height=\"1920\" src=\"https:\/\/sousdomaine.panoramagrasse.com\/wp-content\/uploads\/2023\/07\/hotel-panorama-lit-pour-trois-scaled.webp\" class=\"attachment-original size-original\" alt=\"\" ids=\"249,327,393\" columns=\"3\" columns__sm=\"1\" columns__md=\"3\" image_size=\"original\" image_hover=\"zoom\" srcset=\"https:\/\/sousdomaine.panoramagrasse.com\/wp-content\/uploads\/2023\/07\/hotel-panorama-lit-pour-trois-scaled.webp 2560w, https:\/\/sousdomaine.panoramagrasse.com\/wp-content\/uploads\/2023\/07\/hotel-panorama-lit-pour-trois-300x225.webp 300w, https:\/\/sousdomaine.panoramagrasse.com\/wp-content\/uploads\/2023\/07\/hotel-panorama-lit-pour-trois-1024x768.webp 1024w, https:\/\/sousdomaine.panoramagrasse.com\/wp-content\/uploads\/2023\/07\/hotel-panorama-lit-pour-trois-768x576.webp 768w, https:\/\/sousdomaine.panoramagrasse.com\/wp-content\/uploads\/2023\/07\/hotel-panorama-lit-pour-trois-1536x1152.webp 1536w, https:\/\/sousdomaine.panoramagrasse.com\/wp-content\/uploads\/2023\/07\/hotel-panorama-lit-pour-trois-2048x1536.webp 2048w\" sizes=\"auto, (max-width: 2560px) 100vw, 2560px\" \/>                                  <div class=\"overlay fill\"\n                      style=\"background-color: rgba(0,0,0,.15)\">\n                  <\/div>\n                                                              <\/div>\n              <div class=\"box-text text-left\" >\n                 <p><\/p>\n              <\/div>\n            <\/div>\n            <\/a>          <\/div>\n         <\/div><div class=\"gallery-col col\" >\n          <div class=\"col-inner\">\n            <a class=\"\" href=\"https:\/\/sousdomaine.panoramagrasse.com\/wp-content\/uploads\/2023\/07\/hotel-panorama-chambre-trois-lits.webp\" title=\"\">            <div class=\"box has-hover gallery-box box-overlay dark\">\n              <div class=\"box-image image-zoom\" >\n                <img loading=\"lazy\" decoding=\"async\" width=\"600\" height=\"450\" src=\"https:\/\/sousdomaine.panoramagrasse.com\/wp-content\/uploads\/2023\/07\/hotel-panorama-chambre-trois-lits.webp\" class=\"attachment-original size-original\" alt=\"\" ids=\"249,327,393\" columns=\"3\" columns__sm=\"1\" columns__md=\"3\" image_size=\"original\" image_hover=\"zoom\" srcset=\"https:\/\/sousdomaine.panoramagrasse.com\/wp-content\/uploads\/2023\/07\/hotel-panorama-chambre-trois-lits.webp 600w, https:\/\/sousdomaine.panoramagrasse.com\/wp-content\/uploads\/2023\/07\/hotel-panorama-chambre-trois-lits-300x225.webp 300w\" sizes=\"auto, (max-width: 600px) 100vw, 600px\" \/>                                  <div class=\"overlay fill\"\n                      style=\"background-color: rgba(0,0,0,.15)\">\n                  <\/div>\n                                                              <\/div>\n              <div class=\"box-text text-left\" >\n                 <p><\/p>\n              <\/div>\n            <\/div>\n            <\/a>          <\/div>\n         <\/div><div class=\"gallery-col col\" >\n          <div class=\"col-inner\">\n            <a class=\"\" href=\"https:\/\/sousdomaine.panoramagrasse.com\/wp-content\/uploads\/2023\/07\/vue-chambre-trois-lits-hotel-panorama.webp\" title=\"\">            <div class=\"box has-hover gallery-box box-overlay dark\">\n              <div class=\"box-image image-zoom\" >\n                <img loading=\"lazy\" decoding=\"async\" width=\"600\" height=\"450\" src=\"https:\/\/sousdomaine.panoramagrasse.com\/wp-content\/uploads\/2023\/07\/vue-chambre-trois-lits-hotel-panorama.webp\" class=\"attachment-original size-original\" alt=\"\" ids=\"249,327,393\" columns=\"3\" columns__sm=\"1\" columns__md=\"3\" image_size=\"original\" image_hover=\"zoom\" srcset=\"https:\/\/sousdomaine.panoramagrasse.com\/wp-content\/uploads\/2023\/07\/vue-chambre-trois-lits-hotel-panorama.webp 600w, https:\/\/sousdomaine.panoramagrasse.com\/wp-content\/uploads\/2023\/07\/vue-chambre-trois-lits-hotel-panorama-300x225.webp 300w\" sizes=\"auto, (max-width: 600px) 100vw, 600px\" \/>                                  <div class=\"overlay fill\"\n                      style=\"background-color: rgba(0,0,0,.15)\">\n                  <\/div>\n                                                              <\/div>\n              <div class=\"box-text text-left\" >\n                 <p><\/p>\n              <\/div>\n            <\/div>\n            <\/a>          <\/div>\n         <\/div><\/div>\n\t\t<\/div>\n\n\t\t\n<style>\n#section_680023627 {\n  padding-top: 30px;\n  padding-bottom: 30px;\n  background-color: rgb(121, 107, 103);\n}\n#section_680023627 .ux-shape-divider--top svg {\n  height: 150px;\n  --divider-top-width: 100%;\n}\n#section_680023627 .ux-shape-divider--bottom svg {\n  height: 150px;\n  --divider-width: 100%;\n}\n<\/style>\n\t<\/section>\n\t\n\t<section class=\"section\" id=\"section_678633455\">\n\t\t<div class=\"bg section-bg fill bg-fill  bg-loaded\" >\n\n\t\t\t\n\t\t\t\n\t\t\t\n\n\t\t<\/div>\n\n\t\t\n\n\t\t<div class=\"section-content relative\">\n\t\t\t\n\t<div id=\"gap-1413281975\" class=\"gap-element clearfix show-for-medium\" style=\"display:block; height:auto;\">\n\t\t\n<style>\n#gap-1413281975 {\n  padding-top: 30px;\n}\n<\/style>\n\t<\/div>\n\t\n<div class=\"row align-center\" style=\"max-width:1200px\" id=\"row-1223186075\">\n\n\t<div id=\"col-1859392886\" class=\"col hide-for-medium medium-10 small-12 large-8\"  >\n\t\t\t\t<div class=\"col-inner\"  >\n\t\t\t\n\t\t\t\n\n  \n    <div class=\"row  lightbox-multi-gallery large-columns-1 medium-columns- small-columns-\">\n  <div class=\"gallery-col col\" >\n          <div class=\"col-inner\">\n            <a class=\"\" href=\"https:\/\/sousdomaine.panoramagrasse.com\/wp-content\/uploads\/2023\/07\/hotel-panorama-chambre-calme-et-familiale.webp\" title=\"\">            <div class=\"box has-hover gallery-box box-overlay dark\">\n              <div class=\"box-image image-zoom image-cover\" style=\"padding-top:56.25%;\">\n                <img loading=\"lazy\" decoding=\"async\" width=\"900\" height=\"601\" src=\"https:\/\/sousdomaine.panoramagrasse.com\/wp-content\/uploads\/2023\/07\/hotel-panorama-chambre-calme-et-familiale.webp\" class=\"attachment-original size-original\" alt=\"\" ids=\"326\" columns=\"1\" image_height=\"56.25%\" image_size=\"original\" image_hover=\"zoom\" srcset=\"https:\/\/sousdomaine.panoramagrasse.com\/wp-content\/uploads\/2023\/07\/hotel-panorama-chambre-calme-et-familiale.webp 900w, https:\/\/sousdomaine.panoramagrasse.com\/wp-content\/uploads\/2023\/07\/hotel-panorama-chambre-calme-et-familiale-300x200.webp 300w, https:\/\/sousdomaine.panoramagrasse.com\/wp-content\/uploads\/2023\/07\/hotel-panorama-chambre-calme-et-familiale-768x513.webp 768w\" sizes=\"auto, (max-width: 900px) 100vw, 900px\" \/>                                  <div class=\"overlay fill\"\n                      style=\"background-color: rgba(0,0,0,.15)\">\n                  <\/div>\n                                                              <\/div>\n              <div class=\"box-text text-left\" >\n                 <p><\/p>\n              <\/div>\n            <\/div>\n            <\/a>          <\/div>\n         <\/div><\/div>\n\t\t<\/div>\n\t\t\t\t\t<\/div>\n\n\t\n<\/div>\n<div class=\"row align-right\" style=\"max-width:1200px\" id=\"row-1833713373\">\n\n\t<div id=\"col-964215103\" class=\"col medium-12 small-12 large-6\"  >\n\t\t\t\t<div class=\"col-inner dark\" style=\"background-color:rgba(121, 107, 103, 0.971);\" >\n\t\t\t\n\t\t\t\n<h2 class=\"uppercase\">Chambres familiales<\/h2>\n<p>Nos chambres familiales sont compos\u00e9es de deux lits doubles, pour un total de 4 personnes.<\/p>\n<p>Vous pouvez choisir votre chambre avec ou sans balcon. Vous aurez ainsi une vue panoramique sur la place du Cours \u00e0 Grasse.<\/p>\n<p>Comme dans toutes nos chambres, la climatisation r\u00e9versible est disponible pour assurer votre confort, quelles que soient les conditions ext\u00e9rieures. Vous trouverez aussi une t\u00e9l\u00e9vision dans la chambre pour vous divertir pendant votre s\u00e9jour \u00e0 l&rsquo;H\u00f4tel Panorama Grasse.<\/p>\n\n  \n    <div class=\"row  lightbox-multi-gallery show-for-medium large-columns-1 medium-columns- small-columns-\">\n  <div class=\"gallery-col col\" >\n          <div class=\"col-inner\">\n            <a class=\"\" href=\"https:\/\/sousdomaine.panoramagrasse.com\/wp-content\/uploads\/2023\/07\/hotel-panorama-chambre-calme-et-familiale.webp\" title=\"\">            <div class=\"box has-hover gallery-box box-overlay dark\">\n              <div class=\"box-image image-zoom image-cover\" style=\"padding-top:56.25%;\">\n                <img loading=\"lazy\" decoding=\"async\" width=\"900\" height=\"601\" src=\"https:\/\/sousdomaine.panoramagrasse.com\/wp-content\/uploads\/2023\/07\/hotel-panorama-chambre-calme-et-familiale.webp\" class=\"attachment-original size-original\" alt=\"\" ids=\"326\" columns=\"1\" image_height=\"56.25%\" image_size=\"original\" image_hover=\"zoom\" visibility=\"show-for-medium\" srcset=\"https:\/\/sousdomaine.panoramagrasse.com\/wp-content\/uploads\/2023\/07\/hotel-panorama-chambre-calme-et-familiale.webp 900w, https:\/\/sousdomaine.panoramagrasse.com\/wp-content\/uploads\/2023\/07\/hotel-panorama-chambre-calme-et-familiale-300x200.webp 300w, https:\/\/sousdomaine.panoramagrasse.com\/wp-content\/uploads\/2023\/07\/hotel-panorama-chambre-calme-et-familiale-768x513.webp 768w\" sizes=\"auto, (max-width: 900px) 100vw, 900px\" \/>                                  <div class=\"overlay fill\"\n                      style=\"background-color: rgba(0,0,0,.15)\">\n                  <\/div>\n                                                              <\/div>\n              <div class=\"box-text text-left\" >\n                 <p><\/p>\n              <\/div>\n            <\/div>\n            <\/a>          <\/div>\n         <\/div><\/div>\n\t\t<\/div>\n\t\t\t\t\n<style>\n#col-964215103 > .col-inner {\n  padding: 40px 30px 30px 40px;\n  margin: -0 0px 0px 0px;\n}\n@media (min-width:850px) {\n  #col-964215103 > .col-inner {\n    margin: -265px 0px 0px 0px;\n  }\n}\n<\/style>\n\t<\/div>\n\n\t\n<\/div>\n\t\t<\/div>\n\n\t\t\n<style>\n#section_678633455 {\n  padding-top: 0px;\n  padding-bottom: 0px;\n}\n#section_678633455 .ux-shape-divider--top svg {\n  height: 150px;\n  --divider-top-width: 100%;\n}\n#section_678633455 .ux-shape-divider--bottom svg {\n  height: 150px;\n  --divider-width: 100%;\n}\n@media (min-width:550px) {\n  #section_678633455 {\n    padding-top: 65px;\n    padding-bottom: 65px;\n  }\n}\n@media (min-width:850px) {\n  #section_678633455 {\n    padding-top: 85px;\n    padding-bottom: 85px;\n  }\n}\n<\/style>\n\t<\/section>\n\t\n","protected":false},"excerpt":{"rendered":"","protected":false},"author":1,"featured_media":0,"parent":0,"menu_order":0,"comment_status":"closed","ping_status":"closed","template":"","meta":{"footnotes":""},"class_list":["post-32","page","type-page","status-publish","hentry"],"_links":{"self":[{"href":"https:\/\/sousdomaine.panoramagrasse.com\/index.php\/wp-json\/wp\/v2\/pages\/32","targetHints":{"allow":["GET"]}}],"collection":[{"href":"https:\/\/sousdomaine.panoramagrasse.com\/index.php\/wp-json\/wp\/v2\/pages"}],"about":[{"href":"https:\/\/sousdomaine.panoramagrasse.com\/index.php\/wp-json\/wp\/v2\/types\/page"}],"author":[{"embeddable":true,"href":"https:\/\/sousdomaine.panoramagrasse.com\/index.php\/wp-json\/wp\/v2\/users\/1"}],"replies":[{"embeddable":true,"href":"https:\/\/sousdomaine.panoramagrasse.com\/index.php\/wp-json\/wp\/v2\/comments?post=32"}],"version-history":[{"count":59,"href":"https:\/\/sousdomaine.panoramagrasse.com\/index.php\/wp-json\/wp\/v2\/pages\/32\/revisions"}],"predecessor-version":[{"id":514,"href":"https:\/\/sousdomaine.panoramagrasse.com\/index.php\/wp-json\/wp\/v2\/pages\/32\/revisions\/514"}],"wp:attachment":[{"href":"https:\/\/sousdomaine.panoramagrasse.com\/index.php\/wp-json\/wp\/v2\/media?parent=32"}],"curies":[{"name":"wp","href":"https:\/\/api.w.org\/{rel}","templated":true}]}}