{"id":34,"date":"2023-05-07T00:54:06","date_gmt":"2023-05-06T22:54:06","guid":{"rendered":"https:\/\/sousdomaine.panoramagrasse.com\/?page_id=34"},"modified":"2023-07-27T15:52:30","modified_gmt":"2023-07-27T13:52:30","slug":"professionnels","status":"publish","type":"page","link":"https:\/\/sousdomaine.panoramagrasse.com\/index.php\/professionnels\/","title":{"rendered":"Professionnels"},"content":{"rendered":"\n  <div class=\"banner has-hover\" id=\"banner-882894829\">\n          <div class=\"banner-inner fill\">\n        <div class=\"banner-bg fill\" >\n            <div class=\"bg fill bg-fill \"><\/div>\n                        <div class=\"overlay\"><\/div>            \n                    <\/div>\n\t\t\n        <div class=\"banner-layers container\">\n            <div class=\"fill banner-link\"><\/div>            \n   <div id=\"text-box-1979698616\" class=\"text-box banner-layer x50 md-x50 lg-x50 y50 md-y50 lg-y50 res-text\">\n                                <div class=\"text-box-content text dark\">\n              \n              <div class=\"text-inner text-center\">\n                  \n<div class=\"container section-title-container\" ><h1 class=\"section-title section-title-center\"><b><\/b><span class=\"section-title-main\" style=\"font-size:65%;\">Bienvenue aux Professionnels chez Panorama H\u00f4tel<\/span><b><\/b><\/h1><\/div>\n\t<div id=\"text-451804982\" class=\"text\">\n\t\t\n<p>Nous facilitons vos d\u00e9placements professionnels en offrant une solution d&rsquo;h\u00e9bergement de qualit\u00e9 pour vos collaborateurs. Panorama H\u00f4tel est fier de proposer des chambres confortables et des services adapt\u00e9s aux besoins des entreprises, qu&rsquo;il s&rsquo;agisse de s\u00e9jours r\u00e9guliers ou d&rsquo;\u00e9v\u00e9nements sp\u00e9ciaux tels que s\u00e9minaires ou formations.<\/p>\n\t\t\n<style>\n#text-451804982 {\n  font-size: 1.15rem;\n}\n<\/style>\n\t<\/div>\n\t\n              <\/div>\n           <\/div>\n                            \n<style>\n#text-box-1979698616 {\n  width: 90%;\n}\n#text-box-1979698616 .text-box-content {\n  font-size: 100%;\n}\n<\/style>\n    <\/div>\n \n        <\/div>\n      <\/div>\n\n            \n<style>\n#banner-882894829 {\n  padding-top: 500px;\n}\n#banner-882894829 .bg.bg-loaded {\n  background-image: url(https:\/\/sousdomaine.panoramagrasse.com\/wp-content\/uploads\/2023\/07\/bel-homme-affaires-aide-ordinateur-portable-dans-chambre-hotel_236854-2104-GCgm361qh-transformed.webp);\n}\n#banner-882894829 .overlay {\n  background-color: rgba(0,0,0,.5);\n}\n#banner-882894829 .ux-shape-divider--top svg {\n  height: 150px;\n  --divider-top-width: 100%;\n}\n#banner-882894829 .ux-shape-divider--bottom svg {\n  height: 150px;\n  --divider-width: 100%;\n}\n<\/style>\n  <\/div>\n\n\n\t<section class=\"section\" id=\"section_969934218\">\n\t\t<div class=\"bg section-bg fill bg-fill  bg-loaded\" >\n\n\t\t\t\n\t\t\t\n\t\t\t\n\t<div class=\"is-border\"\n\t\tstyle=\"border-color:rgb(235, 235, 235);border-width:1px 0px 0px 0px;\">\n\t<\/div>\n\n\t\t<\/div>\n\n\t\t\n\n\t\t<div class=\"section-content relative\">\n\t\t\t\n<div class=\"row row-large align-middle align-center\"  id=\"row-678763839\">\n\n\t<div id=\"col-1583710259\" class=\"col medium-6 small-12 large-6\"  >\n\t\t\t\t<div class=\"col-inner box-shadow-2 box-shadow-5-hover\" style=\"background-color:rgb(255, 255, 255);\" >\n\t\t\t\n\t\t\t\n<h2>Des r\u00e9servations sur mesure pour votre entreprise<\/h2>\n<p>Chez Panorama H\u00f4tel, nous comprenons l&rsquo;importance d&rsquo;une gestion efficace des d\u00e9placements professionnels de votre entreprise. C&rsquo;est pourquoi nous offrons un service de r\u00e9servation sur mesure, adapt\u00e9 \u00e0 vos besoins sp\u00e9cifiques. Que vous ayez besoin de loger un collaborateur pour une nuit ou de r\u00e9server plusieurs chambres pour un \u00e9v\u00e9nement, notre \u00e9quipe d\u00e9di\u00e9e est l\u00e0 pour vous accompagner tout au long du processus.<\/p>\n\t\t<\/div>\n\t\t\t\t\n<style>\n#col-1583710259 > .col-inner {\n  padding: 15px 15px 15px 15px;\n}\n<\/style>\n\t<\/div>\n\n\t\n\n\t<div id=\"col-1826252927\" class=\"col medium-6 small-12 large-6\"  >\n\t\t\t\t<div class=\"col-inner box-shadow-2 box-shadow-5-hover\" style=\"background-color:rgb(255, 255, 255);\" >\n\t\t\t\n\t\t\t\n<h2>Des chambres pens\u00e9es pour le confort et la productivit\u00e9<\/h2>\n<p>Nous savons que le confort et la productivit\u00e9 sont essentiels pour vos collaborateurs en d\u00e9placement professionnel. C&rsquo;est pourquoi nos chambres sont con\u00e7ues pour offrir un espace apaisant, propice au repos et au travail. Chaque chambre est \u00e9quip\u00e9e d&rsquo;un espace de travail fonctionnel, d&rsquo;une connexion Wi-Fi haut d\u00e9bit et d&rsquo;une climatisation r\u00e9versible afin de vous assurer un s\u00e9jour agr\u00e9able et productif.<\/p>\n\t\t<\/div>\n\t\t\t\t\n<style>\n#col-1826252927 > .col-inner {\n  padding: 15px 15px 15px 15px;\n}\n<\/style>\n\t<\/div>\n\n\t\n<\/div>\n<div class=\"row\"  id=\"row-657764179\">\n\n\t<div id=\"col-1536411637\" class=\"col small-12 large-12\"  >\n\t\t\t\t<div class=\"col-inner\"  >\n\t\t\t\n\t\t\t\n<p>Chez Panorama H\u00f4tel, nous sommes d\u00e9termin\u00e9s \u00e0 fournir un service de qualit\u00e9 sup\u00e9rieure pour r\u00e9pondre aux besoins des entreprises. Que ce soit pour des d\u00e9placements professionnels r\u00e9guliers ou des \u00e9v\u00e9nements sp\u00e9ciaux, nous sommes votre partenaire de confiance pour garantir le confort et la satisfaction de vos collaborateurs. Contactez-nous d\u00e8s aujourd&rsquo;hui au <strong>04 93 36 80 80<\/strong> pour d\u00e9couvrir comment nous pouvons faciliter vos s\u00e9jours professionnels.<\/p>\n\t\t<\/div>\n\t\t\t\t\t<\/div>\n\n\t\n<\/div>\n\t\t<\/div>\n\n\t\t\n<style>\n#section_969934218 {\n  padding-top: 59px;\n  padding-bottom: 59px;\n  min-height: 300px;\n  background-color: rgb(240, 240, 240);\n}\n#section_969934218 .ux-shape-divider--top svg {\n  height: 150px;\n  --divider-top-width: 100%;\n}\n#section_969934218 .ux-shape-divider--bottom svg {\n  height: 150px;\n  --divider-width: 100%;\n}\n<\/style>\n\t<\/section>\n\t\n","protected":false},"excerpt":{"rendered":"","protected":false},"author":1,"featured_media":0,"parent":0,"menu_order":0,"comment_status":"closed","ping_status":"closed","template":"","meta":{"footnotes":""},"class_list":["post-34","page","type-page","status-publish","hentry"],"_links":{"self":[{"href":"https:\/\/sousdomaine.panoramagrasse.com\/index.php\/wp-json\/wp\/v2\/pages\/34","targetHints":{"allow":["GET"]}}],"collection":[{"href":"https:\/\/sousdomaine.panoramagrasse.com\/index.php\/wp-json\/wp\/v2\/pages"}],"about":[{"href":"https:\/\/sousdomaine.panoramagrasse.com\/index.php\/wp-json\/wp\/v2\/types\/page"}],"author":[{"embeddable":true,"href":"https:\/\/sousdomaine.panoramagrasse.com\/index.php\/wp-json\/wp\/v2\/users\/1"}],"replies":[{"embeddable":true,"href":"https:\/\/sousdomaine.panoramagrasse.com\/index.php\/wp-json\/wp\/v2\/comments?post=34"}],"version-history":[{"count":7,"href":"https:\/\/sousdomaine.panoramagrasse.com\/index.php\/wp-json\/wp\/v2\/pages\/34\/revisions"}],"predecessor-version":[{"id":611,"href":"https:\/\/sousdomaine.panoramagrasse.com\/index.php\/wp-json\/wp\/v2\/pages\/34\/revisions\/611"}],"wp:attachment":[{"href":"https:\/\/sousdomaine.panoramagrasse.com\/index.php\/wp-json\/wp\/v2\/media?parent=34"}],"curies":[{"name":"wp","href":"https:\/\/api.w.org\/{rel}","templated":true}]}}