{"id":36,"date":"2023-05-07T00:55:01","date_gmt":"2023-05-06T22:55:01","guid":{"rendered":"https:\/\/sousdomaine.panoramagrasse.com\/?page_id=36"},"modified":"2023-07-27T14:08:45","modified_gmt":"2023-07-27T12:08:45","slug":"arrive-depart","status":"publish","type":"page","link":"https:\/\/sousdomaine.panoramagrasse.com\/index.php\/arrive-depart\/","title":{"rendered":"Arriv\u00e9 &#038; Depart"},"content":{"rendered":"\n  <div class=\"banner has-hover\" id=\"banner-890682466\">\n          <div class=\"banner-inner fill\">\n        <div class=\"banner-bg fill\" >\n            <div class=\"bg fill bg-fill \"><\/div>\n                        <div class=\"overlay\"><\/div>            \n                    <\/div>\n\t\t\n        <div class=\"banner-layers container\">\n            <div class=\"fill banner-link\"><\/div>            \n   <div id=\"text-box-968226758\" class=\"text-box banner-layer x50 md-x50 lg-x50 y50 md-y50 lg-y50 res-text\">\n                                <div class=\"text-box-content text dark\">\n              \n              <div class=\"text-inner text-center\">\n                  \n<div class=\"container section-title-container\" ><h1 class=\"section-title section-title-center\"><b><\/b><span class=\"section-title-main\" style=\"font-size:68%;\">Arriv\u00e9e &amp; D\u00e9part<\/span><b><\/b><\/h1><\/div>\n              <\/div>\n           <\/div>\n                            \n<style>\n#text-box-968226758 {\n  width: 60%;\n}\n#text-box-968226758 .text-box-content {\n  font-size: 100%;\n}\n<\/style>\n    <\/div>\n \n        <\/div>\n      <\/div>\n\n            \n<style>\n#banner-890682466 {\n  padding-top: 50%;\n}\n#banner-890682466 .bg.bg-loaded {\n  background-image: url(https:\/\/sousdomaine.panoramagrasse.com\/wp-content\/uploads\/2023\/07\/posez-vos-valises-.webp);\n}\n#banner-890682466 .overlay {\n  background-color: rgba(0,0,0,.5);\n}\n#banner-890682466 .ux-shape-divider--top svg {\n  height: 150px;\n  --divider-top-width: 100%;\n}\n#banner-890682466 .ux-shape-divider--bottom svg {\n  height: 150px;\n  --divider-width: 100%;\n}\n@media (min-width:550px) {\n  #banner-890682466 {\n    padding-top: 500px;\n  }\n}\n<\/style>\n  <\/div>\n\n\n\t<section class=\"section\" id=\"section_998331214\">\n\t\t<div class=\"bg section-bg fill bg-fill  bg-loaded\" >\n\n\t\t\t\n\t\t\t\n\t\t\t\n\n\t\t<\/div>\n\n\t\t\n\n\t\t<div class=\"section-content relative\">\n\t\t\t\n<div class=\"row align-middle\"  id=\"row-476389065\">\n\n\t<div id=\"col-2821508\" class=\"col medium-3 small-12 large-3\"  >\n\t\t\t\t<div class=\"col-inner\"  >\n\t\t\t\n\t\t\t\n\n  \n    <div class=\"row  lightbox-multi-gallery large-columns-1 medium-columns-1 small-columns-\">\n  <div class=\"gallery-col col\" >\n          <div class=\"col-inner\">\n            <a class=\"\" href=\"https:\/\/sousdomaine.panoramagrasse.com\/wp-content\/uploads\/2023\/07\/DSC_0088-scaled-1-683x1024.jpg\" title=\"\">            <div class=\"box has-hover gallery-box box-none\">\n              <div class=\"box-image\" >\n                <img loading=\"lazy\" decoding=\"async\" width=\"1707\" height=\"2560\" src=\"https:\/\/sousdomaine.panoramagrasse.com\/wp-content\/uploads\/2023\/07\/DSC_0088-scaled-1.jpg\" class=\"attachment-original size-original\" alt=\"\" ids=\"484\" style=\"none\" columns=\"1\" columns__md=\"1\" image_size=\"original\" srcset=\"https:\/\/sousdomaine.panoramagrasse.com\/wp-content\/uploads\/2023\/07\/DSC_0088-scaled-1.jpg 1707w, https:\/\/sousdomaine.panoramagrasse.com\/wp-content\/uploads\/2023\/07\/DSC_0088-scaled-1-200x300.jpg 200w, https:\/\/sousdomaine.panoramagrasse.com\/wp-content\/uploads\/2023\/07\/DSC_0088-scaled-1-683x1024.jpg 683w, https:\/\/sousdomaine.panoramagrasse.com\/wp-content\/uploads\/2023\/07\/DSC_0088-scaled-1-768x1152.jpg 768w, https:\/\/sousdomaine.panoramagrasse.com\/wp-content\/uploads\/2023\/07\/DSC_0088-scaled-1-1024x1536.jpg 1024w, https:\/\/sousdomaine.panoramagrasse.com\/wp-content\/uploads\/2023\/07\/DSC_0088-scaled-1-1366x2048.jpg 1366w\" sizes=\"auto, (max-width: 1707px) 100vw, 1707px\" \/>                                                              <\/div>\n              <div class=\"box-text text-left\" >\n                 <p><\/p>\n              <\/div>\n            <\/div>\n            <\/a>          <\/div>\n         <\/div><\/div>\n\t\t<\/div>\n\t\t\t\t\t<\/div>\n\n\t\n\n\t<div id=\"col-1165307122\" class=\"col medium-6 small-12 large-6\"  >\n\t\t\t\t<div class=\"col-inner\"  >\n\t\t\t\n\t\t\t\n\t<div id=\"text-4122377001\" class=\"text\">\n\t\t\n<h2>Arriv\u00e9e \u00e0 l&rsquo;H\u00f4tel Panorama<\/h2>\n<p>Lors de votre arriv\u00e9e \u00e0 l&rsquo;H\u00f4tel Panorama, vous serez chaleureusement accueilli par notre personnel \u00e0 l&rsquo;accueil.<br \/>\nNous nous effor\u00e7ons de vous offrir une exp\u00e9rience d&rsquo;arriv\u00e9e agr\u00e9able et sans souci.<\/p>\n<p><strong>L&rsquo;enregistrement<\/strong> est disponible de <strong>15h \u00e0 22h<\/strong>.<\/p>\n<p>*Si vous pr\u00e9voyez d&rsquo;arriver en dehors de ces horaires, veuillez nous en informer \u00e0 l&rsquo;avance afin que nous puissions prendre les dispositions n\u00e9cessaires pour vous accueillir.<br \/>\n\t\t\n<style>\n#text-4122377001 {\n  text-align: left;\n}\n<\/style>\n\t<\/div>\n\t\n\t\t<\/div>\n\t\t\t\t\t<\/div>\n\n\t\n\n\t<div id=\"col-2104778669\" class=\"col medium-3 small-12 large-3\"  >\n\t\t\t\t<div class=\"col-inner\"  >\n\t\t\t\n\t\t\t\n\n  \n    <div class=\"row  lightbox-multi-gallery large-columns-1 medium-columns-1 small-columns-\">\n  <div class=\"gallery-col col\" >\n          <div class=\"col-inner\">\n            <a class=\"\" href=\"https:\/\/sousdomaine.panoramagrasse.com\/wp-content\/uploads\/2023\/07\/interieur-hotel-panorama.webp\" title=\"\">            <div class=\"box has-hover gallery-box box-overlay dark\">\n              <div class=\"box-image\" >\n                <img loading=\"lazy\" decoding=\"async\" width=\"500\" height=\"750\" src=\"https:\/\/sousdomaine.panoramagrasse.com\/wp-content\/uploads\/2023\/07\/interieur-hotel-panorama.webp\" class=\"attachment-original size-original\" alt=\"\" ids=\"485\" columns=\"1\" columns__md=\"1\" image_size=\"original\" srcset=\"https:\/\/sousdomaine.panoramagrasse.com\/wp-content\/uploads\/2023\/07\/interieur-hotel-panorama.webp 500w, https:\/\/sousdomaine.panoramagrasse.com\/wp-content\/uploads\/2023\/07\/interieur-hotel-panorama-200x300.webp 200w\" sizes=\"auto, (max-width: 500px) 100vw, 500px\" \/>                                  <div class=\"overlay fill\"\n                      style=\"background-color: rgba(0,0,0,.15)\">\n                  <\/div>\n                                                              <\/div>\n              <div class=\"box-text text-left\" >\n                 <p><\/p>\n              <\/div>\n            <\/div>\n            <\/a>          <\/div>\n         <\/div><\/div>\n\t\t<\/div>\n\t\t\t\t\t<\/div>\n\n\t\n<\/div>\n\t\t<\/div>\n\n\t\t\n<style>\n#section_998331214 {\n  padding-top: 30px;\n  padding-bottom: 30px;\n}\n#section_998331214 .ux-shape-divider--top svg {\n  height: 150px;\n  --divider-top-width: 100%;\n}\n#section_998331214 .ux-shape-divider--bottom svg {\n  height: 150px;\n  --divider-width: 100%;\n}\n<\/style>\n\t<\/section>\n\t\n\t<section class=\"section dark\" id=\"section_1099921956\">\n\t\t<div class=\"bg section-bg fill bg-fill  bg-loaded\" >\n\n\t\t\t\n\t\t\t\n\t\t\t\n\n\t\t<\/div>\n\n\t\t\n\n\t\t<div class=\"section-content relative\">\n\t\t\t\n<div class=\"row row-collapse align-center\"  id=\"row-2131535293\">\n\n\t<div id=\"col-601997422\" class=\"col large-12\"  >\n\t\t\t\t<div class=\"col-inner\"  >\n\t\t\t\n\t\t\t\n\t<div id=\"gap-1656599957\" class=\"gap-element clearfix\" style=\"display:block; height:auto;\">\n\t\t\n<style>\n#gap-1656599957 {\n  padding-top: 70px;\n}\n<\/style>\n\t<\/div>\n\t\n\n  <div class=\"banner has-hover\" id=\"banner-913234494\">\n          <div class=\"banner-inner fill\">\n        <div class=\"banner-bg fill\" >\n            <div class=\"bg fill bg-fill \"><\/div>\n                        <div class=\"overlay\"><\/div>            \n                    <\/div>\n\t\t\n        <div class=\"banner-layers container\">\n            <div class=\"fill banner-link\"><\/div>            \n   <div id=\"text-box-1170665835\" class=\"text-box banner-layer x50 md-x50 lg-x50 y50 md-y50 lg-y50 res-text\">\n                                <div class=\"text-box-content text dark\">\n              \n              <div class=\"text-inner text-center\">\n                  \n\t<div id=\"text-608544150\" class=\"text\">\n\t\t\n<h2>D\u00e9part de l&rsquo;H\u00f4tel Panorama<\/h2>\n<p><span style=\"font-size: 105%;\">Les d\u00e9parts de l&rsquo;H\u00f4tel Panorama peuvent \u00eatre effectu\u00e9s chaque jour de la semaine.<\/span><\/p>\n<p><span style=\"font-size: 105%;\">Cependant, veuillez noter que les d\u00e9parts doivent toujours avoir lieu le matin et <strong>au plus tard avant 11h.<\/strong><\/span><br \/>\n\t\t\n<style>\n#text-608544150 {\n  font-size: 0.85rem;\n  text-align: left;\n}\n@media (min-width:550px) {\n  #text-608544150 {\n    font-size: 0.9rem;\n  }\n}\n<\/style>\n\t<\/div>\n\t\n              <\/div>\n           <\/div>\n                            \n<style>\n#text-box-1170665835 {\n  width: 81%;\n}\n#text-box-1170665835 .text-box-content {\n  font-size: 100%;\n}\n@media (min-width:550px) {\n  #text-box-1170665835 {\n    width: 60%;\n  }\n}\n<\/style>\n    <\/div>\n \n        <\/div>\n      <\/div>\n\n            \n<style>\n#banner-913234494 {\n  padding-top: 469px;\n}\n#banner-913234494 .bg.bg-loaded {\n  background-image: url(https:\/\/sousdomaine.panoramagrasse.com\/wp-content\/uploads\/2023\/07\/depart-de-l-hotel-panorama-1024x683.webp);\n}\n#banner-913234494 .overlay {\n  background-color: rgba(36, 31, 31, 0.645);\n}\n#banner-913234494 .bg {\n  background-position: 81% 42%;\n}\n#banner-913234494 .ux-shape-divider--top svg {\n  height: 150px;\n  --divider-top-width: 100%;\n}\n#banner-913234494 .ux-shape-divider--bottom svg {\n  height: 150px;\n  --divider-width: 100%;\n}\n<\/style>\n  <\/div>\n\n\n\t\t<\/div>\n\t\t\t\t\t<\/div>\n\n\t\n<\/div>\n\t\t<\/div>\n\n\t\t\n<style>\n#section_1099921956 {\n  padding-top: 0px;\n  padding-bottom: 0px;\n  background-color: rgb(36, 31, 31);\n}\n#section_1099921956 .ux-shape-divider--top svg {\n  height: 150px;\n  --divider-top-width: 100%;\n}\n#section_1099921956 .ux-shape-divider--bottom svg {\n  height: 150px;\n  --divider-width: 100%;\n}\n<\/style>\n\t<\/section>\n\t\n","protected":false},"excerpt":{"rendered":"","protected":false},"author":1,"featured_media":0,"parent":0,"menu_order":0,"comment_status":"closed","ping_status":"closed","template":"","meta":{"footnotes":""},"class_list":["post-36","page","type-page","status-publish","hentry"],"_links":{"self":[{"href":"https:\/\/sousdomaine.panoramagrasse.com\/index.php\/wp-json\/wp\/v2\/pages\/36","targetHints":{"allow":["GET"]}}],"collection":[{"href":"https:\/\/sousdomaine.panoramagrasse.com\/index.php\/wp-json\/wp\/v2\/pages"}],"about":[{"href":"https:\/\/sousdomaine.panoramagrasse.com\/index.php\/wp-json\/wp\/v2\/types\/page"}],"author":[{"embeddable":true,"href":"https:\/\/sousdomaine.panoramagrasse.com\/index.php\/wp-json\/wp\/v2\/users\/1"}],"replies":[{"embeddable":true,"href":"https:\/\/sousdomaine.panoramagrasse.com\/index.php\/wp-json\/wp\/v2\/comments?post=36"}],"version-history":[{"count":26,"href":"https:\/\/sousdomaine.panoramagrasse.com\/index.php\/wp-json\/wp\/v2\/pages\/36\/revisions"}],"predecessor-version":[{"id":588,"href":"https:\/\/sousdomaine.panoramagrasse.com\/index.php\/wp-json\/wp\/v2\/pages\/36\/revisions\/588"}],"wp:attachment":[{"href":"https:\/\/sousdomaine.panoramagrasse.com\/index.php\/wp-json\/wp\/v2\/media?parent=36"}],"curies":[{"name":"wp","href":"https:\/\/api.w.org\/{rel}","templated":true}]}}