{"id":38,"date":"2023-05-07T00:55:52","date_gmt":"2023-05-06T22:55:52","guid":{"rendered":"https:\/\/sousdomaine.panoramagrasse.com\/?page_id=38"},"modified":"2023-07-27T11:30:54","modified_gmt":"2023-07-27T09:30:54","slug":"tarifs","status":"publish","type":"page","link":"https:\/\/sousdomaine.panoramagrasse.com\/index.php\/tarifs\/","title":{"rendered":"Tarifs"},"content":{"rendered":"\n  <div class=\"banner has-hover\" id=\"banner-1873897776\">\n          <div class=\"banner-inner fill\">\n        <div class=\"banner-bg fill\" >\n            <div class=\"bg fill bg-fill \"><\/div>\n                        <div class=\"overlay\"><\/div>            \n                    <\/div>\n\t\t\n        <div class=\"banner-layers container\">\n            <div class=\"fill banner-link\"><\/div>            \n   <div id=\"text-box-1138879754\" class=\"text-box banner-layer x50 md-x50 lg-x50 y50 md-y50 lg-y50 res-text\">\n                                <div class=\"text-box-content text dark\">\n              \n              <div class=\"text-inner text-center\">\n                  \n<div class=\"container section-title-container\" ><h1 class=\"section-title section-title-center\"><b><\/b><span class=\"section-title-main\" style=\"font-size:65%;\">Les tarifs de l\u2019h\u00f4tel<\/span><b><\/b><\/h1><\/div>\n\t<div id=\"text-3200187072\" class=\"text\">\n\t\t\n<p>D\u00e9couvrez ci-dessous les tarifs propos\u00e9s par l\u2019H\u00f4tel Panorama Grasse, offrant une vari\u00e9t\u00e9 de chambres, de repas et d\u2019options pour satisfaire vos besoins pendant votre s\u00e9jour.<\/p>\n\t\t\n<style>\n#text-3200187072 {\n  font-size: 1.15rem;\n}\n<\/style>\n\t<\/div>\n\t\n              <\/div>\n           <\/div>\n                            \n<style>\n#text-box-1138879754 {\n  width: 75%;\n}\n#text-box-1138879754 .text-box-content {\n  font-size: 100%;\n}\n<\/style>\n    <\/div>\n \n        <\/div>\n      <\/div>\n\n            \n<style>\n#banner-1873897776 {\n  padding-top: 500px;\n  background-color: #f7422b;\n}\n#banner-1873897776 .bg.bg-loaded {\n  background-image: url(https:\/\/sousdomaine.panoramagrasse.com\/wp-content\/uploads\/2023\/07\/chambre-tarif-de-l-hotel.jpeg);\n}\n#banner-1873897776 .overlay {\n  background-color: rgba(0,0,0,.5);\n}\n#banner-1873897776 .ux-shape-divider--top svg {\n  height: 150px;\n  --divider-top-width: 100%;\n}\n#banner-1873897776 .ux-shape-divider--bottom svg {\n  height: 150px;\n  --divider-width: 100%;\n}\n<\/style>\n  <\/div>\n\n\n\t<section class=\"section\" id=\"section_588233540\">\n\t\t<div class=\"bg section-bg fill bg-fill  bg-loaded\" >\n\n\t\t\t\n\t\t\t\n\t\t\t\n\n\t\t<\/div>\n\n\t\t\n\n\t\t<div class=\"section-content relative\">\n\t\t\t\n\t<div id=\"gap-1221949366\" class=\"gap-element clearfix\" style=\"display:block; height:auto;\">\n\t\t\n<style>\n#gap-1221949366 {\n  padding-top: 50px;\n}\n<\/style>\n\t<\/div>\n\t\n<div class=\"row row-dashed\"  id=\"row-1542056638\">\n\n\t<div id=\"col-1260009667\" class=\"col medium-7 small-12 large-7\"  >\n\t\t\t\t<div class=\"col-inner\" style=\"background-color:rgb(255,255,255);\" >\n\t\t\t\n\t\t\t\n<h2 class=\"uppercase\">Tarif des chambres<\/h2>\n<p>L\u2019H\u00f4tel Panorama propose trois types de chambres pour ses clients :<\/p>\n<ul>\n<li>Les chambres doubles, triples ou familiales, avec ou sans balcon.<\/li>\n<li><strong>Les tarifs des chambres peuvent varier en fonction de la saisonnalit\u00e9 et de la demande, ils ne sont pas fixes.<\/strong><\/li>\n<\/ul>\n<p><em>*Si une personne seule souhaite r\u00e9server une chambre double, elle b\u00e9n\u00e9ficiera d\u2019un tarif r\u00e9duit.<\/em><\/p>\n\t\t<\/div>\n\t\t\t\t\t<\/div>\n\n\t\n\n\t<div id=\"col-1557134626\" class=\"col medium-5 small-12 large-5\"  >\n\t\t\t\t<div class=\"col-inner\"  >\n\t\t\t\n\t\t\t\n<h2 class=\"uppercase\">Tarif animaux<\/h2>\n<p>Vous souhaitez profiter de votre s\u00e9jour en compagnie de votre fid\u00e8le compagnon ?<\/p>\n<p>\u00c0 l\u2019H\u00f4tel Panorama Grasse, nous acceptons les animaux de compagnie moyennant un suppl\u00e9ment de\u00a0<strong>8\u20ac par animal<\/strong>.\u00a0<\/p>\n\t\t<\/div>\n\t\t\t\t\t<\/div>\n\n\t\n<\/div>\n\t\t<\/div>\n\n\t\t\n<style>\n#section_588233540 {\n  padding-top: 30px;\n  padding-bottom: 30px;\n}\n#section_588233540 .ux-shape-divider--top svg {\n  height: 150px;\n  --divider-top-width: 100%;\n}\n#section_588233540 .ux-shape-divider--bottom svg {\n  height: 150px;\n  --divider-width: 100%;\n}\n<\/style>\n\t<\/section>\n\t\n\t<section class=\"section dark\" id=\"section_288220978\">\n\t\t<div class=\"bg section-bg fill bg-fill  bg-loaded\" >\n\n\t\t\t\n\t\t\t\n\t\t\t\n\n\t\t<\/div>\n\n\t\t\n\n\t\t<div class=\"section-content relative\">\n\t\t\t\n\t<div id=\"gap-2010042334\" class=\"gap-element clearfix\" style=\"display:block; height:auto;\">\n\t\t\n<style>\n#gap-2010042334 {\n  padding-top: 45px;\n}\n<\/style>\n\t<\/div>\n\t\n<div class=\"row\"  id=\"row-923072001\">\n\n\t<div id=\"col-765754704\" class=\"col medium-4 small-12 large-4\"  >\n\t\t\t\t<div class=\"col-inner\"  >\n\t\t\t\n\t\t\t\n<h2 class=\"uppercase\">Tarif petit-d\u00e9jeuner<\/h2>\n<p>Le petit-d\u00e9jeuner est propos\u00e9 au tarif de\u00a0<strong>8\u20ac par adulte<\/strong>\u00a0et\u00a0<strong>5\u20ac par enfant<\/strong>\u00a0jusqu\u2019\u00e0 l\u2019\u00e2ge de douze ans.<\/p>\n\t\t<\/div>\n\t\t\t\t\t<\/div>\n\n\t\n\n\t<div id=\"col-982779663\" class=\"col medium-4 small-12 large-4\"  >\n\t\t\t\t<div class=\"col-inner\"  >\n\t\t\t\n\t\t\t\n<h2 class=\"uppercase\">Tarif restaurant<\/h2>\n<p>L\u2019H\u00f4tel Panorama propose des repas \u00e0 midi et des d\u00eeners le soir.<\/p>\n<p>Notre carte offre une s\u00e9lection de 5 repas, allant de\u00a0<strong>15 \u00e0 21 euros<\/strong>.<\/p>\n\t\t<\/div>\n\t\t\t\t\t<\/div>\n\n\t\n\n\t<div id=\"col-250982163\" class=\"col medium-4 small-12 large-4\"  >\n\t\t\t\t<div class=\"col-inner\"  >\n\t\t\t\n\t\t\t\n\t<div class=\"img has-hover x md-x lg-x y md-y lg-y\" id=\"image_1080261166\">\n\t\t\t\t\t\t\t\t<div class=\"img-inner dark\" >\n\t\t\t<img loading=\"lazy\" decoding=\"async\" width=\"1020\" height=\"680\" src=\"https:\/\/sousdomaine.panoramagrasse.com\/wp-content\/uploads\/2023\/07\/bar-et-restaurant-hotel-1024x683.webp\" class=\"attachment-large size-large\" alt=\"\" srcset=\"https:\/\/sousdomaine.panoramagrasse.com\/wp-content\/uploads\/2023\/07\/bar-et-restaurant-hotel-1024x683.webp 1024w, https:\/\/sousdomaine.panoramagrasse.com\/wp-content\/uploads\/2023\/07\/bar-et-restaurant-hotel-300x200.webp 300w, https:\/\/sousdomaine.panoramagrasse.com\/wp-content\/uploads\/2023\/07\/bar-et-restaurant-hotel-768x512.webp 768w, https:\/\/sousdomaine.panoramagrasse.com\/wp-content\/uploads\/2023\/07\/bar-et-restaurant-hotel.webp 1224w\" sizes=\"auto, (max-width: 1020px) 100vw, 1020px\" \/>\t\t\t\t\t\t\n\t\t\t\t\t<\/div>\n\t\t\t\t\t\t\t\t\n<style>\n#image_1080261166 {\n  width: 100%;\n}\n<\/style>\n\t<\/div>\n\t\n\t\t<\/div>\n\t\t\t\t\t<\/div>\n\n\t\n<\/div>\n\t\t<\/div>\n\n\t\t\n<style>\n#section_288220978 {\n  padding-top: 30px;\n  padding-bottom: 30px;\n  background-color: rgb(36, 31, 31);\n}\n#section_288220978 .ux-shape-divider--top svg {\n  height: 150px;\n  --divider-top-width: 100%;\n}\n#section_288220978 .ux-shape-divider--bottom svg {\n  height: 150px;\n  --divider-width: 100%;\n}\n<\/style>\n\t<\/section>\n\t\n\t<div id=\"gap-1847084251\" class=\"gap-element clearfix\" style=\"display:block; height:auto;\">\n\t\t\n<style>\n#gap-1847084251 {\n  padding-top: 30px;\n}\n<\/style>\n\t<\/div>\n\t\n\t<section class=\"section\" id=\"section_1863027838\">\n\t\t<div class=\"bg section-bg fill bg-fill  bg-loaded\" >\n\n\t\t\t\n\t\t\t\n\t\t\t\n\n\t\t<\/div>\n\n\t\t\n\n\t\t<div class=\"section-content relative\">\n\t\t\t\n<div class=\"row align-middle flex-column-reverse\"  id=\"row-1673524055\">\n\n\t<div id=\"col-1578018632\" class=\"col medium-3 small-12 large-3\"  >\n\t\t\t\t<div class=\"col-inner\"  >\n\t\t\t\n\t\t\t\n\t<div class=\"img has-hover x md-x lg-x y md-y lg-y\" id=\"image_1710510011\">\n\t\t\t\t\t\t\t\t<div class=\"img-inner image-cover dark\" style=\"padding-top:140%;\">\n\t\t\t<img loading=\"lazy\" decoding=\"async\" width=\"1020\" height=\"680\" src=\"https:\/\/sousdomaine.panoramagrasse.com\/wp-content\/uploads\/2023\/07\/trarif-parking-a-grasse-1024x683.webp\" class=\"attachment-large size-large\" alt=\"\" srcset=\"https:\/\/sousdomaine.panoramagrasse.com\/wp-content\/uploads\/2023\/07\/trarif-parking-a-grasse-1024x683.webp 1024w, https:\/\/sousdomaine.panoramagrasse.com\/wp-content\/uploads\/2023\/07\/trarif-parking-a-grasse-300x200.webp 300w, https:\/\/sousdomaine.panoramagrasse.com\/wp-content\/uploads\/2023\/07\/trarif-parking-a-grasse-768x512.webp 768w, https:\/\/sousdomaine.panoramagrasse.com\/wp-content\/uploads\/2023\/07\/trarif-parking-a-grasse.webp 1224w\" sizes=\"auto, (max-width: 1020px) 100vw, 1020px\" \/>\t\t\t\t\t\t\n\t\t\t\t\t<\/div>\n\t\t\t\t\t\t\t\t\n<style>\n#image_1710510011 {\n  width: 100%;\n}\n<\/style>\n\t<\/div>\n\t\n\t\t<\/div>\n\t\t\t\t\t<\/div>\n\n\t\n\n\t<div id=\"col-251565871\" class=\"col medium-9 small-12 large-9\"  >\n\t\t\t\t<div class=\"col-inner\"  >\n\t\t\t\n\t\t\t\n<h2 class=\"uppercase\">Tarif parking<\/h2>\n<p>Vous avez le choix entre trois types de parking \u00e0 l\u2019H\u00f4tel Panorama :<\/p>\n<ul>\n<li><strong>Parking Indigo :<\/strong> Vous b\u00e9n\u00e9ficiez d\u2019un tarif pr\u00e9f\u00e9rentiel de 6 euros par sortie, vous permettant de stationner aussi longtemps que vous le souhaitez\u202f!\u00a0<strong>Notez que vous paierez 6\u20ac \u00e0 chaque sortie.<\/strong>\n<p>Pour plus d\u2019informations sur le Parking Indigo, consultez le lien suivant :\u00a0<a href=\"https:\/\/goo.gl\/maps\/D8iykrwB2Kc6gbcU6\" target=\"_blank\" rel=\"noopener\">Parking Indigo<\/a>.<\/p>\n<\/li>\n<li><strong>Parking au pied de l\u2019h\u00f4tel :<\/strong>\u00a0Compos\u00e9 de 3 places, il est disponible au tarif de 10\u20ac par nuit.<\/li>\n<li><strong>Parking sur la place du cours :<\/strong>\u00a0Situ\u00e9 \u00e0 seulement 20 m\u00e8tres de l\u2019h\u00f4tel, les tarifs sont d\u00e9finis par l\u2019horodateur.<\/li>\n<\/ul>\n<p>Pour plus d\u2019informations sur le parking sur la place du cours, utilisez ce lien :\u00a0<a href=\"https:\/\/goo.gl\/maps\/ZAqGGwaXJTFLfHZX9\" target=\"_blank\" rel=\"noopener\">Place du cours parking<\/a>.<\/p>\n\t\t<\/div>\n\t\t\t\t\t<\/div>\n\n\t\n<\/div>\n\t\t<\/div>\n\n\t\t\n<style>\n#section_1863027838 {\n  padding-top: 30px;\n  padding-bottom: 30px;\n}\n#section_1863027838 .ux-shape-divider--top svg {\n  height: 150px;\n  --divider-top-width: 100%;\n}\n#section_1863027838 .ux-shape-divider--bottom svg {\n  height: 150px;\n  --divider-width: 100%;\n}\n<\/style>\n\t<\/section>\n\t\n","protected":false},"excerpt":{"rendered":"","protected":false},"author":1,"featured_media":0,"parent":0,"menu_order":0,"comment_status":"closed","ping_status":"closed","template":"","meta":{"footnotes":""},"class_list":["post-38","page","type-page","status-publish","hentry"],"_links":{"self":[{"href":"https:\/\/sousdomaine.panoramagrasse.com\/index.php\/wp-json\/wp\/v2\/pages\/38","targetHints":{"allow":["GET"]}}],"collection":[{"href":"https:\/\/sousdomaine.panoramagrasse.com\/index.php\/wp-json\/wp\/v2\/pages"}],"about":[{"href":"https:\/\/sousdomaine.panoramagrasse.com\/index.php\/wp-json\/wp\/v2\/types\/page"}],"author":[{"embeddable":true,"href":"https:\/\/sousdomaine.panoramagrasse.com\/index.php\/wp-json\/wp\/v2\/users\/1"}],"replies":[{"embeddable":true,"href":"https:\/\/sousdomaine.panoramagrasse.com\/index.php\/wp-json\/wp\/v2\/comments?post=38"}],"version-history":[{"count":20,"href":"https:\/\/sousdomaine.panoramagrasse.com\/index.php\/wp-json\/wp\/v2\/pages\/38\/revisions"}],"predecessor-version":[{"id":576,"href":"https:\/\/sousdomaine.panoramagrasse.com\/index.php\/wp-json\/wp\/v2\/pages\/38\/revisions\/576"}],"wp:attachment":[{"href":"https:\/\/sousdomaine.panoramagrasse.com\/index.php\/wp-json\/wp\/v2\/media?parent=38"}],"curies":[{"name":"wp","href":"https:\/\/api.w.org\/{rel}","templated":true}]}}