{"id":48,"date":"2023-05-07T00:57:36","date_gmt":"2023-05-06T22:57:36","guid":{"rendered":"https:\/\/sousdomaine.panoramagrasse.com\/?page_id=48"},"modified":"2023-07-26T16:39:19","modified_gmt":"2023-07-26T14:39:19","slug":"grasse","status":"publish","type":"page","link":"https:\/\/sousdomaine.panoramagrasse.com\/index.php\/grasse\/","title":{"rendered":"Grasse"},"content":{"rendered":"\n  <div class=\"banner has-hover\" id=\"banner-1022514724\">\n          <div class=\"banner-inner fill\">\n        <div class=\"banner-bg fill\" >\n            <div class=\"bg fill bg-fill \"><\/div>\n                        <div class=\"overlay\"><\/div>            \n                    <\/div>\n\t\t\n        <div class=\"banner-layers container\">\n            <div class=\"fill banner-link\"><\/div>            \n   <div id=\"text-box-957923805\" class=\"text-box banner-layer x50 md-x50 lg-x50 y50 md-y50 lg-y50 res-text\">\n                                <div class=\"text-box-content text dark\">\n              \n              <div class=\"text-inner text-center\">\n                  \n<div class=\"container section-title-container\" ><h1 class=\"section-title section-title-center\"><b><\/b><span class=\"section-title-main\" style=\"font-size:65%;\">D\u00e9couvrir Grasse et ses environs<\/span><b><\/b><\/h1><\/div>\n\t<div id=\"text-113093706\" class=\"text\">\n\t\t\n<p>Grasse, la capitale mondiale du parfum situ\u00e9e dans les Alpes-Maritimes, est une ville pleine de charme et d\u2019histoire. Sur cette page, vous trouverez tout ce qu\u2019il y a \u00e0 d\u00e9couvrir dans cette magnifique ville de Provence\u202f!<\/p>\n\t\t\n<style>\n#text-113093706 {\n  font-size: 0.8rem;\n}\n@media (min-width:550px) {\n  #text-113093706 {\n    font-size: 1.15rem;\n  }\n}\n<\/style>\n\t<\/div>\n\t\n              <\/div>\n           <\/div>\n                            \n<style>\n#text-box-957923805 {\n  width: 93%;\n}\n#text-box-957923805 .text-box-content {\n  font-size: 100%;\n}\n@media (min-width:550px) {\n  #text-box-957923805 {\n    width: 75%;\n  }\n}\n<\/style>\n    <\/div>\n \n        <\/div>\n      <\/div>\n\n            \n<style>\n#banner-1022514724 {\n  padding-top: 500px;\n}\n#banner-1022514724 .bg.bg-loaded {\n  background-image: url(https:\/\/sousdomaine.panoramagrasse.com\/wp-content\/uploads\/2023\/07\/parapluie-rose-de-grasse-bandeau.webp);\n}\n#banner-1022514724 .overlay {\n  background-color: rgba(0, 0, 0, 0.628);\n}\n#banner-1022514724 .bg {\n  background-position: 62% 41%;\n}\n#banner-1022514724 .ux-shape-divider--top svg {\n  height: 150px;\n  --divider-top-width: 100%;\n}\n#banner-1022514724 .ux-shape-divider--bottom svg {\n  height: 150px;\n  --divider-width: 100%;\n}\n<\/style>\n  <\/div>\n\n\n\t<section class=\"section\" id=\"section_1723736253\">\n\t\t<div class=\"bg section-bg fill bg-fill  bg-loaded\" >\n\n\t\t\t\n\t\t\t\n\t\t\t\n\n\t\t<\/div>\n\n\t\t\n\n\t\t<div class=\"section-content relative\">\n\t\t\t\n<div class=\"row row-large align-middle\"  id=\"row-706953623\">\n\n\t<div id=\"col-149565899\" class=\"col medium-6 small-12 large-6\"  >\n\t\t\t\t<div class=\"col-inner text-left\"  >\n\t\t\t\n\t\t\t\n<h2 class=\"uppercase\">Le Mus\u00e9e International de la Parfumerie<\/h2>\n<p>Le Mus\u00e9e International de la Parfumerie est un lieu incontournable pour les passionn\u00e9s de parfum. Ce mus\u00e9e pr\u00e9sente l&rsquo;histoire fascinante de l&rsquo;industrie du parfum \u00e0 travers des expositions interactives et des collections de flacons de parfum anciens. Pour en savoir plus sur les horaires et les tarifs, consultez le site officiel des mus\u00e9es de Grasse : <a href=\"https:\/\/www.museesdegrasse.com\/\" target=\"_blank\" rel=\"noopener\">MuseesdeGrasse.com<\/a>.<\/p>\n\t\t<\/div>\n\t\t\t\t\t<\/div>\n\n\t\n\n\t<div id=\"col-19511361\" class=\"col medium-6 small-12 large-6\"  >\n\t\t\t\t<div class=\"col-inner\"  >\n\t\t\t\n\t\t\t\n\t<div class=\"img has-hover x md-x lg-x y md-y lg-y\" id=\"image_1037152977\">\n\t\t\t\t\t\t\t\t<div class=\"img-inner image-cover dark\" style=\"padding-top:56.25%;\">\n\t\t\t<img loading=\"lazy\" decoding=\"async\" width=\"800\" height=\"400\" src=\"https:\/\/sousdomaine.panoramagrasse.com\/wp-content\/uploads\/2023\/07\/musee-international-de-la-parfumerie-grasse.webp\" class=\"attachment-large size-large\" alt=\"\" srcset=\"https:\/\/sousdomaine.panoramagrasse.com\/wp-content\/uploads\/2023\/07\/musee-international-de-la-parfumerie-grasse.webp 800w, https:\/\/sousdomaine.panoramagrasse.com\/wp-content\/uploads\/2023\/07\/musee-international-de-la-parfumerie-grasse-300x150.webp 300w, https:\/\/sousdomaine.panoramagrasse.com\/wp-content\/uploads\/2023\/07\/musee-international-de-la-parfumerie-grasse-768x384.webp 768w\" sizes=\"auto, (max-width: 800px) 100vw, 800px\" \/>\t\t\t\t\t\t\n\t\t\t\t\t<\/div>\n\t\t\t\t\t\t\t\t\n<style>\n#image_1037152977 {\n  width: 100%;\n}\n<\/style>\n\t<\/div>\n\t\n\t\t<\/div>\n\t\t\t\t\t<\/div>\n\n\t\n<\/div>\n\t\t<\/div>\n\n\t\t\n<style>\n#section_1723736253 {\n  padding-top: 60px;\n  padding-bottom: 60px;\n}\n#section_1723736253 .ux-shape-divider--top svg {\n  height: 150px;\n  --divider-top-width: 100%;\n}\n#section_1723736253 .ux-shape-divider--bottom svg {\n  height: 150px;\n  --divider-width: 100%;\n}\n<\/style>\n\t<\/section>\n\t\n\t<section class=\"section info-card-1\" id=\"section_427752067\">\n\t\t<div class=\"bg section-bg fill bg-fill  bg-loaded\" >\n\n\t\t\t\n\t\t\t\n\t\t\t\n\n\t\t<\/div>\n\n\t\t\n\n\t\t<div class=\"section-content relative\">\n\t\t\t\n<div class=\"row\"  id=\"row-2001208751\">\n\n\t<div id=\"col-1217412570\" class=\"col small-12 large-12\"  >\n\t\t\t\t<div class=\"col-inner text-center dark\"  >\n\t\t\t\n\t\t\t\n\t<div id=\"text-2415504606\" class=\"text\">\n\t\t\n<h2 class=\"uppercase\">Les Parfumeries<\/h2>\n\t\t\n<style>\n#text-2415504606 {\n  text-align: center;\n}\n<\/style>\n\t<\/div>\n\t\n\t\t<\/div>\n\t\t\t\t\n<style>\n#col-1217412570 > .col-inner {\n  padding: 20px 0px 0px 0px;\n}\n<\/style>\n\t<\/div>\n\n\t\n<\/div>\n<div class=\"row align-equal align-center\"  id=\"row-1592595896\">\n\n\t<div id=\"col-1146709876\" class=\"col medium-6 small-12 large-4\"  >\n\t\t\t\t<div class=\"col-inner\" style=\"background-color:rgb(255,255,255);\" >\n\t\t\t\n\t\t\t\n\t<div class=\"box has-hover   has-hover box-push box-text-bottom\" >\n\n\t\t<div class=\"box-image\" >\n\t\t\t\t\t\t<div class=\"image-zoom image-cover\" style=\"padding-top:70%;\">\n\t\t\t\t<img loading=\"lazy\" decoding=\"async\" width=\"800\" height=\"800\" src=\"https:\/\/sousdomaine.panoramagrasse.com\/wp-content\/uploads\/2023\/07\/Usine-Parfumerie-Fragonard.webp\" class=\"attachment- size-\" alt=\"\" srcset=\"https:\/\/sousdomaine.panoramagrasse.com\/wp-content\/uploads\/2023\/07\/Usine-Parfumerie-Fragonard.webp 800w, https:\/\/sousdomaine.panoramagrasse.com\/wp-content\/uploads\/2023\/07\/Usine-Parfumerie-Fragonard-300x300.webp 300w, https:\/\/sousdomaine.panoramagrasse.com\/wp-content\/uploads\/2023\/07\/Usine-Parfumerie-Fragonard-150x150.webp 150w, https:\/\/sousdomaine.panoramagrasse.com\/wp-content\/uploads\/2023\/07\/Usine-Parfumerie-Fragonard-768x768.webp 768w\" sizes=\"auto, (max-width: 800px) 100vw, 800px\" \/>\t\t\t\t\t\t\t\t\t\t\t<\/div>\n\t\t\t\t\t<\/div>\n\n\t\t<div class=\"box-text text-center\" style=\"background-color:rgb(255, 255, 255);padding:20px 5% 20px 5%;\">\n\t\t\t<div class=\"box-text-inner\">\n\t\t\t\t\n<h3>Fragonard<\/h3>\n<p>La parfumerie Fragonard est une institution \u00e0 Grasse. Lors de votre visite, vous pourrez d\u00e9couvrir les secrets de la fabrication du parfum et participer \u00e0 des visites guid\u00e9es gratuites. L&rsquo;usine historique de Fragonard est situ\u00e9e au <a title=\"Parfumerie Fragonard - L&#039;usine Historique Grasse\" href=\"https:\/\/goo.gl\/maps\/FVEVuKJieepQD5bo6\" target=\"_blank\" rel=\"noopener\">20 Boulevard Fragonard<\/a>, 06130 Grasse. Pour en savoir plus, visitez leur site web : <a href=\"https:\/\/usines-parfum.fragonard.com\/\" target=\"_blank\" rel=\"noopener\">usines-parfum.fragonard.com<\/a>.<\/p>\n\t\t\t<\/div>\n\t\t<\/div>\n\t<\/div>\n\t\n\t\t<\/div>\n\t\t\t\t\t<\/div>\n\n\t\n\n\t<div id=\"col-1877546639\" class=\"col medium-6 small-12 large-4\"  >\n\t\t\t\t<div class=\"col-inner\"  >\n\t\t\t\n\t\t\t\n\t<div class=\"box has-hover   has-hover box-push box-text-bottom\" >\n\n\t\t<div class=\"box-image\" >\n\t\t\t\t\t\t<div class=\"image-zoom image-cover\" style=\"padding-top:70%;\">\n\t\t\t\t<img loading=\"lazy\" decoding=\"async\" width=\"1200\" height=\"717\" src=\"https:\/\/sousdomaine.panoramagrasse.com\/wp-content\/uploads\/2023\/07\/parfumerie-molinard-grasse.webp\" class=\"attachment- size-\" alt=\"\" srcset=\"https:\/\/sousdomaine.panoramagrasse.com\/wp-content\/uploads\/2023\/07\/parfumerie-molinard-grasse.webp 1200w, https:\/\/sousdomaine.panoramagrasse.com\/wp-content\/uploads\/2023\/07\/parfumerie-molinard-grasse-300x179.webp 300w, https:\/\/sousdomaine.panoramagrasse.com\/wp-content\/uploads\/2023\/07\/parfumerie-molinard-grasse-1024x612.webp 1024w, https:\/\/sousdomaine.panoramagrasse.com\/wp-content\/uploads\/2023\/07\/parfumerie-molinard-grasse-768x459.webp 768w\" sizes=\"auto, (max-width: 1200px) 100vw, 1200px\" \/>\t\t\t\t\t\t\t\t\t\t\t<\/div>\n\t\t\t\t\t<\/div>\n\n\t\t<div class=\"box-text text-center\" style=\"background-color:rgb(255, 255, 255);padding:20px 5% 20px 5%;\">\n\t\t\t<div class=\"box-text-inner\">\n\t\t\t\t\n<h3>Molinard<\/h3>\n<p>La parfumerie Molinard est une institution historique de Grasse. Lors de votre visite, vous pourrez d\u00e9couvrir les secrets du processus de fabrication du parfum, participer \u00e0 des ateliers cr\u00e9atifs et m\u00eame cr\u00e9er votre propre parfum personnalis\u00e9. Pour en savoir plus, visitez leur site web : <a href=\"https:\/\/www.molinard.com\/\" target=\"_blank\" rel=\"noopener\">molinard.com<\/a>.<\/p>\n\t\t\t<\/div>\n\t\t<\/div>\n\t<\/div>\n\t\n\t\t<\/div>\n\t\t\t\t\t<\/div>\n\n\t\n\n\t<div id=\"col-1525218543\" class=\"col medium-6 small-12 large-4\"  >\n\t\t\t\t<div class=\"col-inner\"  >\n\t\t\t\n\t\t\t\n\t<div class=\"box has-hover poulet  has-hover box-push box-text-bottom\" >\n\n\t\t<div class=\"box-image\" >\n\t\t\t\t\t\t<div class=\"image-zoom image-cover\" style=\"padding-top:70%;\">\n\t\t\t\t<img loading=\"lazy\" decoding=\"async\" width=\"1200\" height=\"800\" src=\"https:\/\/sousdomaine.panoramagrasse.com\/wp-content\/uploads\/2023\/07\/usine-du-parfum-grasse.webp\" class=\"attachment- size-\" alt=\"\" srcset=\"https:\/\/sousdomaine.panoramagrasse.com\/wp-content\/uploads\/2023\/07\/usine-du-parfum-grasse.webp 1200w, https:\/\/sousdomaine.panoramagrasse.com\/wp-content\/uploads\/2023\/07\/usine-du-parfum-grasse-300x200.webp 300w, https:\/\/sousdomaine.panoramagrasse.com\/wp-content\/uploads\/2023\/07\/usine-du-parfum-grasse-1024x683.webp 1024w, https:\/\/sousdomaine.panoramagrasse.com\/wp-content\/uploads\/2023\/07\/usine-du-parfum-grasse-768x512.webp 768w\" sizes=\"auto, (max-width: 1200px) 100vw, 1200px\" \/>\t\t\t\t\t\t\t\t\t\t\t<\/div>\n\t\t\t\t\t<\/div>\n\n\t\t<div class=\"box-text text-center\" style=\"background-color:rgb(255, 255, 255);padding:20px 5% 20px 5%;\">\n\t\t\t<div class=\"box-text-inner\">\n\t\t\t\t\n<h3>Galimard<\/h3>\n<p>La parfumerie Galimard est une autre adresse incontournable \u00e0 Grasse. Lors de votre visite, vous pourrez explorer leur usine et d\u00e9couvrir les \u00e9tapes de la cr\u00e9ation d&rsquo;un parfum, <strong>des mati\u00e8res premi\u00e8res aux produits finis<\/strong>. Des ateliers de cr\u00e9ation de parfum sont \u00e9galement propos\u00e9s aux visiteurs. Pour en savoir plus, visitez leur site web : <a href=\"https:\/\/www.galimard.com\/\" target=\"_blank\" rel=\"noopener\">galimard.com<\/a>.<\/p>\n\t\t\t<\/div>\n\t\t<\/div>\n\t<\/div>\n\t\n\t\t<\/div>\n\t\t\t\t\t<\/div>\n\n\t\n\n<style>\n#row-1592595896 > .col > .col-inner {\n  background-color: rgb(255,255,255);\n}\n<\/style>\n<\/div>\n\t\t<\/div>\n\n\t\t\n<style>\n#section_427752067 {\n  padding-top: 50px;\n  padding-bottom: 50px;\n  background-color: #c56666;\n}\n#section_427752067 .ux-shape-divider--top svg {\n  height: 150px;\n  --divider-top-width: 100%;\n}\n#section_427752067 .ux-shape-divider--bottom svg {\n  height: 150px;\n  --divider-width: 100%;\n}\n<\/style>\n\t<\/section>\n\t\n\t<section class=\"section dark\" id=\"section_1744862026\">\n\t\t<div class=\"bg section-bg fill bg-fill  bg-loaded\" >\n\n\t\t\t\n\t\t\t\n\t\t\t\n\n\t\t<\/div>\n\n\t\t\n\n\t\t<div class=\"section-content relative\">\n\t\t\t\n\t<div id=\"gap-2090207186\" class=\"gap-element clearfix\" style=\"display:block; height:auto;\">\n\t\t\n<style>\n#gap-2090207186 {\n  padding-top: 30px;\n}\n<\/style>\n\t<\/div>\n\t\n<div class=\"row align-middle\"  id=\"row-2110183176\">\n\n\t<div id=\"col-1724144178\" class=\"col medium-6 small-12 large-6\"  >\n\t\t\t\t<div class=\"col-inner\"  >\n\t\t\t\n\t\t\t\n\t<div class=\"img has-hover x md-x lg-x y md-y lg-y\" id=\"image_1211548887\">\n\t\t\t\t\t\t\t\t<div class=\"img-inner dark\" >\n\t\t\t<img loading=\"lazy\" decoding=\"async\" width=\"1020\" height=\"679\" src=\"https:\/\/sousdomaine.panoramagrasse.com\/wp-content\/uploads\/2023\/07\/vue-de-nuit-sur-la-ville-de-grasse-1024x682.webp\" class=\"attachment-large size-large\" alt=\"\" srcset=\"https:\/\/sousdomaine.panoramagrasse.com\/wp-content\/uploads\/2023\/07\/vue-de-nuit-sur-la-ville-de-grasse-1024x682.webp 1024w, https:\/\/sousdomaine.panoramagrasse.com\/wp-content\/uploads\/2023\/07\/vue-de-nuit-sur-la-ville-de-grasse-300x200.webp 300w, https:\/\/sousdomaine.panoramagrasse.com\/wp-content\/uploads\/2023\/07\/vue-de-nuit-sur-la-ville-de-grasse-768x512.webp 768w, https:\/\/sousdomaine.panoramagrasse.com\/wp-content\/uploads\/2023\/07\/vue-de-nuit-sur-la-ville-de-grasse.webp 1400w\" sizes=\"auto, (max-width: 1020px) 100vw, 1020px\" \/>\t\t\t\t\t\t\n\t\t\t\t\t<\/div>\n\t\t\t\t\t\t\t\t\n<style>\n#image_1211548887 {\n  width: 100%;\n}\n<\/style>\n\t<\/div>\n\t\n\t\t<\/div>\n\t\t\t\t\t<\/div>\n\n\t\n\n\t<div id=\"col-99468936\" class=\"col medium-6 small-12 large-6\"  >\n\t\t\t\t<div class=\"col-inner\"  >\n\t\t\t\n\t\t\t\n<h2 class=\"uppercase\">La Cath\u00e9drale Notre-Dame-du-Puy de Grasse<\/h2>\n<p>La cath\u00e9drale Notre-Dame-du-Puy de Grasse est une ancienne cath\u00e9drale catholique romaine qui a \u00e9t\u00e9 le si\u00e8ge du dioc\u00e8se de Grasse de 1244 \u00e0 1802, avant d&rsquo;\u00eatre rattach\u00e9e \u00e0 d&rsquo;autres dioc\u00e8ses. Construite au cours du XIIIe si\u00e8cle, cette cath\u00e9drale offre une architecture remarquable et abrite des tr\u00e9sors religieux d&rsquo;une grande valeur historique.<\/p>\n\t\t<\/div>\n\t\t\t\t\t<\/div>\n\n\t\n<\/div>\n\t<div id=\"gap-805842729\" class=\"gap-element clearfix\" style=\"display:block; height:auto;\">\n\t\t\n<style>\n#gap-805842729 {\n  padding-top: 50px;\n}\n<\/style>\n\t<\/div>\n\t\n\t\t<\/div>\n\n\t\t\n<style>\n#section_1744862026 {\n  padding-top: 30px;\n  padding-bottom: 30px;\n  background-color: rgb(36, 31, 31);\n}\n#section_1744862026 .ux-shape-divider--top svg {\n  height: 150px;\n  --divider-top-width: 100%;\n}\n#section_1744862026 .ux-shape-divider--bottom svg {\n  height: 150px;\n  --divider-width: 100%;\n}\n<\/style>\n\t<\/section>\n\t\n\t<section class=\"section\" id=\"section_1648557413\">\n\t\t<div class=\"bg section-bg fill bg-fill  \" >\n\n\t\t\t\n\t\t\t\n\t\t\t\n\n\t\t<\/div>\n\n\t\t\n\n\t\t<div class=\"section-content relative\">\n\t\t\t\n<div class=\"row row-small align-equal align-center\"  id=\"row-127365405\">\n\n\t<div id=\"col-504256143\" class=\"col medium-10 small-12 large-4\"  >\n\t\t\t\t<div class=\"col-inner\"  >\n\t\t\t\n\t\t\t\n\n\t\t<div class=\"icon-box featured-box icon-box-center text-center\"  >\n\t\t\t\t<div class=\"icon-box-text last-reset\">\n\t\t\t\t\t\t\t\t\t\n\t<div id=\"text-1481083502\" class=\"text\">\n\t\t\n<h2 class=\"uppercase\">Le Jardin des Plantes<\/h2>\n<p>Le Jardin des Plantes est un espace vert enchanteur situ\u00e9 en plein c\u0153ur de Grasse. Cr\u00e9\u00e9 au milieu du 19e si\u00e8cle, ce jardin est un lieu de promenade id\u00e9al pour les familles et les visiteurs en qu\u00eate de d\u00e9tente. Avec ses am\u00e9nagements r\u00e9cents, le Jardin des Plantes offre d\u00e9sormais une vue imprenable sur le littoral et repr\u00e9sente une v\u00e9ritable invitation \u00e0 la relaxation. Pour en savoir plus, visitez le site <a href=\"https:\/\/www.paysdegrassetourisme.fr\/fr\/jardin-plantes\" target=\"_blank\" rel=\"noopener\">paysdegrassetourisme.fr<\/a>.<\/p>\n\t\t\n<style>\n#text-1481083502 {\n  text-align: left;\n}\n<\/style>\n\t<\/div>\n\t\n\t\t<\/div>\n\t<\/div>\n\t\n\t\n\t\t<\/div>\n\t\t\t\t\t<\/div>\n\n\t\n\n\t<div id=\"col-969816860\" class=\"col medium-10 small-12 large-4\"  >\n\t\t\t\t<div class=\"col-inner text-center\"  >\n\t\t\t\n\t\t\t\n\n\t\t<div class=\"icon-box featured-box icon-box-center text-center\"  >\n\t\t\t\t<div class=\"icon-box-text last-reset\">\n\t\t\t\t\t\t\t\t\t\n\t<div id=\"text-2953010577\" class=\"text\">\n\t\t\n<h2 class=\"uppercase\">Le Vieux Grasse<\/h2>\n<p>Le Vieux Grasse est une v\u00e9ritable perle charg\u00e9e d&rsquo;histoire. Fl\u00e2ner dans ses ruelles pav\u00e9es, d\u00e9couvrir ses b\u00e2tisses anciennes et ses places pittoresques est une exp\u00e9rience \u00e0 part enti\u00e8re. Les boutiques artisanales, les caf\u00e9s anim\u00e9s et l&rsquo;ambiance proven\u00e7ale vous s\u00e9duiront \u00e0 coup s\u00fbr.<\/p>\n\t\t\n<style>\n#text-2953010577 {\n  text-align: left;\n}\n<\/style>\n\t<\/div>\n\t\n\t\t<\/div>\n\t<\/div>\n\t\n\t\n\t\t<\/div>\n\t\t\t\t\t<\/div>\n\n\t\n\n\t<div id=\"col-1288865054\" class=\"col medium-10 small-12 large-4\"  >\n\t\t\t\t<div class=\"col-inner\"  >\n\t\t\t\n\t\t\t\n\n\t\t<div class=\"icon-box featured-box icon-box-center text-center\"  >\n\t\t\t\t<div class=\"icon-box-text last-reset\">\n\t\t\t\t\t\t\t\t\t\n\t<div id=\"text-1296423690\" class=\"text\">\n\t\t\n<h2 class=\"uppercase\">Festival International de Musique<\/h2>\n<p>Si vous visitez Grasse en \u00e9t\u00e9, ne manquez pas le Festival International de Musique. Ce festival vous propose des concerts de musique classique dans des lieux historiques de la ville, pour une exp\u00e9rience culturelle inoubliable. Chaque ann\u00e9e, il se d\u00e9roule g\u00e9n\u00e9ralement <b>les 29 et 30 juin, 1er et 2 Juillet !<\/b><\/p>\n\t\t\n<style>\n#text-1296423690 {\n  text-align: left;\n}\n<\/style>\n\t<\/div>\n\t\n\t\t<\/div>\n\t<\/div>\n\t\n\t\n\t\t<\/div>\n\t\t\t\t\t<\/div>\n\n\t\n\n<style>\n#row-127365405 > .col > .col-inner {\n  padding: 20px 20px 20px 20px;\n  background-color: rgb(239, 239, 239);\n}\n@media (min-width:550px) {\n  #row-127365405 > .col > .col-inner {\n    padding: 20px 20px 40px 20px;\n  }\n}\n@media (min-width:850px) {\n  #row-127365405 > .col > .col-inner {\n    padding: 20px 40px 20px 40px;\n  }\n}\n<\/style>\n<\/div>\n\t\t<\/div>\n\n\t\t\n<style>\n#section_1648557413 {\n  padding-top: 130px;\n  padding-bottom: 130px;\n}\n#section_1648557413 .section-bg.bg-loaded {\n  background-image: url(https:\/\/sousdomaine.panoramagrasse.com\/wp-content\/uploads\/2023\/07\/sejour-pres-de-grasse-scaled.webp);\n}\n#section_1648557413 .ux-shape-divider--top svg {\n  height: 150px;\n  --divider-top-width: 100%;\n}\n#section_1648557413 .ux-shape-divider--bottom svg {\n  height: 150px;\n  --divider-width: 100%;\n}\n<\/style>\n\t<\/section>\n\t\n\n","protected":false},"excerpt":{"rendered":"","protected":false},"author":1,"featured_media":0,"parent":0,"menu_order":0,"comment_status":"closed","ping_status":"closed","template":"","meta":{"footnotes":""},"class_list":["post-48","page","type-page","status-publish","hentry"],"_links":{"self":[{"href":"https:\/\/sousdomaine.panoramagrasse.com\/index.php\/wp-json\/wp\/v2\/pages\/48","targetHints":{"allow":["GET"]}}],"collection":[{"href":"https:\/\/sousdomaine.panoramagrasse.com\/index.php\/wp-json\/wp\/v2\/pages"}],"about":[{"href":"https:\/\/sousdomaine.panoramagrasse.com\/index.php\/wp-json\/wp\/v2\/types\/page"}],"author":[{"embeddable":true,"href":"https:\/\/sousdomaine.panoramagrasse.com\/index.php\/wp-json\/wp\/v2\/users\/1"}],"replies":[{"embeddable":true,"href":"https:\/\/sousdomaine.panoramagrasse.com\/index.php\/wp-json\/wp\/v2\/comments?post=48"}],"version-history":[{"count":52,"href":"https:\/\/sousdomaine.panoramagrasse.com\/index.php\/wp-json\/wp\/v2\/pages\/48\/revisions"}],"predecessor-version":[{"id":335,"href":"https:\/\/sousdomaine.panoramagrasse.com\/index.php\/wp-json\/wp\/v2\/pages\/48\/revisions\/335"}],"wp:attachment":[{"href":"https:\/\/sousdomaine.panoramagrasse.com\/index.php\/wp-json\/wp\/v2\/media?parent=48"}],"curies":[{"name":"wp","href":"https:\/\/api.w.org\/{rel}","templated":true}]}}